{"id":4777,"date":"2022-01-21T11:31:02","date_gmt":"2022-01-21T10:31:02","guid":{"rendered":"https:\/\/ahomexport.com\/mentions-legales\/"},"modified":"2022-02-18T21:38:31","modified_gmt":"2022-02-18T20:38:31","slug":"mentions-legales","status":"publish","type":"page","link":"https:\/\/ahomexport.com\/en\/mentions-legales\/","title":{"rendered":"Mentions l\u00e9gales"},"content":{"rendered":"\t\t<div data-elementor-type=\"wp-page\" data-elementor-id=\"4777\" class=\"elementor elementor-4777 elementor-3678\">\n\t\t\t\t\t\t<section class=\"elementor-section elementor-top-section elementor-element elementor-element-6b8a405 elementor-section-boxed elementor-section-height-default elementor-section-height-default\" data-id=\"6b8a405\" data-element_type=\"section\" data-e-type=\"section\">\n\t\t\t\t\t\t<div class=\"elementor-container elementor-column-gap-default\">\n\t\t\t\t\t<div class=\"elementor-column elementor-col-50 elementor-top-column elementor-element elementor-element-71cbcf6\" data-id=\"71cbcf6\" data-element_type=\"column\" data-e-type=\"column\">\n\t\t\t<div class=\"elementor-widget-wrap elementor-element-populated\">\n\t\t\t\t\t\t<div class=\"elementor-element elementor-element-d3dc525 elementor-widget elementor-widget-text-editor\" data-id=\"d3dc525\" data-element_type=\"widget\" data-e-type=\"widget\" data-widget_type=\"text-editor.default\">\n\t\t\t\t<div class=\"elementor-widget-container\">\n\t\t\t\t\t\t\t\t\t<h2>EDITION DU SITE INTERNET<\/h2><div class=\"page\" title=\"Page 1\"><div class=\"layoutArea\"><div class=\"column\"><p>Le site Ahome Export (ci-apre\u0300s &#8220;le Site&#8221;), accessible a\u0300 l\u2019adresse https:\/\/www.ahomexport.com est e\u0301dite\u0301 par la socie\u0301te\u0301 AHOME EXPORT COMPANY (ci-apre\u0300s &#8220;l&#8217;Editeur&#8221;), SAS au capital de 10000 euros, dont le sie\u0300ge social est situe\u0301 185 Rue Simon Vollant, 59130 Lambersart, France (0766536323, info@ahomexport.com).<\/p><p>RCS 890304215 RCS LILLE METROPOLE<\/p><\/div><\/div><\/div><h2>\u00a0<\/h2><h2>REDACTION DU SITE INTERNET<\/h2><div class=\"page\" title=\"Page 1\"><div class=\"layoutArea\"><div class=\"column\"><p>Directeur de la publication : Jean-Charles Boulogne<br \/>Contact : 07 66 53 63 23 ; jcboulogne@ahomexport.com<\/p><p>Cr\u00e9dit Images : Pixelart<\/p><\/div><\/div><\/div><h2>\u00a0<\/h2><h2>REDACTION DES MENTIONS LEGALES<\/h2><div class=\"page\" title=\"Page 1\"><div class=\"layoutArea\"><div class=\"column\"><p>De\u0301nomination sociale : Captain Contrat<br \/>Adresse sie\u0300ge social : 12 rue saint-fiacre, 75002 Paris Site internet : www.captaincontrat.com<\/p><\/div><\/div><\/div><h2>\u00a0<\/h2><h2>HEBERGEUR DU SITE INTERNET<\/h2><div class=\"page\" title=\"Page 1\"><div class=\"layoutArea\"><div class=\"column\"><p>Le site Ahome Export est he\u0301berge\u0301 par OVH, SAS au capital de 10 069 020 euros, dont le sie\u0300ge social est situe\u0301 2 Rue Kellermann, 59100 Roubaix, France, joignable par le moyen suivant : 0899277277.<\/p><\/div><\/div><\/div><h2>\u00a0<\/h2><h2>RESPECT DE LA PROPRI\u00c9T\u00c9 INTELLECTUELLE<\/h2><div class=\"page\" title=\"Page 1\"><div class=\"layoutArea\"><div class=\"column\"><p>Toutes les marques, photographies, textes, commentaires, illustrations, images anime\u0301es ou non, se\u0301quences vide\u0301o, sons, ainsi que toutes les applications informatiques qui pourraient e\u0302tre utilise\u0301es pour faire fonctionner le Site et plus ge\u0301ne\u0301ralement tous les e\u0301le\u0301ments reproduits ou utilise\u0301s sur le Site sont prote\u0301ge\u0301s par les lois en vigueur au titre de la proprie\u0301te\u0301 intellectuelle.<\/p><p>Ils sont la proprie\u0301te\u0301 pleine et entie\u0300re de l&#8217;Editeur ou de ses partenaires, sauf mentions particulie\u0300res. Toute reproduction, repre\u0301sentation, utilisation ou adaptation, sous quelque forme que ce soit, de tout ou partie de ces e\u0301le\u0301ments, y compris les applications informatiques, sans l&#8217;accord pre\u0301alable et e\u0301crit de l&#8217;Editeur, sont strictement interdites. Le fait pour l&#8217;Editeur de ne pas engager de proce\u0301dure de\u0300s la prise de connaissance de ces utilisations non autorise\u0301es ne vaut pas acceptation desdites utilisations et renonciation aux poursuites.<\/p><p>Seule l&#8217;utilisation pour un usage prive\u0301 dans un cercle de famille est autorise\u0301e et toute autre utilisation est constitutive de contrefac\u0327on et\/ou d&#8217;atteinte aux droits voisins, sanctionne\u0301es par Code de la proprie\u0301te\u0301 intellectuelle.<\/p><\/div><\/div><\/div><div class=\"page\" title=\"Page 2\"><div class=\"layoutArea\"><div class=\"column\"><p>La reprise de tout ou partie de ce contenu ne\u0301cessite l&#8217;autorisation pre\u0301alable de l&#8217;Editeur ou du titulaire des droits sur ce contenu.<\/p><\/div><\/div><\/div><h2>\u00a0<\/h2><h2>LIENS HYPERTEXTES ET COOKIES<\/h2><div class=\"page\" title=\"Page 2\"><div class=\"layoutArea\"><div class=\"column\"><p>Le Site peut contenir des liens hypertexte donnant acce\u0300s a\u0300 d&#8217;autres sites web e\u0301dite\u0301s et ge\u0301re\u0301s par des tiers et non par l&#8217;Editeur. L&#8217;Editeur ne pourra e\u0302tre tenu responsable directement ou indirectement dans le cas ou\u0300 lesdits sites tiers ne respecteraient pas les dispositions le\u0301gales.<\/p><p>La cre\u0301ation de liens hypertexte vers le Site ne peut e\u0302tre faite qu&#8217;avec l&#8217;autorisation e\u0301crite et pre\u0301alable de l&#8217;Editeur.<\/p><div class=\"\"><span class=\"\">La navigation sur le site\u00a0<a class=\"\" href=\"http:\/\/www.doubletrait.com\/\">www.ahomexport.com<\/a>\u00a0est susceptible de provoquer l\u2019installation de cookie(s) sur l\u2019ordinateur de l\u2019utilisateur. Un cookie est un fichier de petite taille, qui ne permet pas l\u2019identification de l\u2019utilisateur, mais qui enregistre des informations relatives \u00e0 la navigation d\u2019un ordinateur sur un site. Les donn\u00e9es ainsi obtenues visent \u00e0 faciliter la navigation ult\u00e9rieure sur le site, et ont \u00e9galement vocation \u00e0 permettre diverses mesures de fr\u00e9quentation.<\/span><\/div><div>\u00a0<\/div><div class=\"\"><span class=\"\">Le refus d\u2019installation d\u2019un cookie peut entra\u00eener l\u2019impossibilit\u00e9 d\u2019acc\u00e9der \u00e0 certains services. L\u2019utilisateur peut toutefois configurer son ordinateur de la mani\u00e8re suivante, pour refuser l\u2019installation des cookies :<\/span><\/div><div>\u00a0<\/div><div class=\"\"><span class=\"\">Sous Internet Explorer : onglet outil (pictogramme en forme de rouage en haut a droite) \/ options internet. Cliquez sur Confidentialit\u00e9 et choisissez Bloquer tous les cookies. Validez sur Ok.<\/span><\/div><div>\u00a0<\/div><div class=\"\"><span class=\"\">Sous Firefox : en haut de la fen\u00eatre du navigateur, cliquez sur le bouton Firefox, puis aller dans l\u2019onglet Options. Cliquer sur l\u2019onglet Vie priv\u00e9e.<\/span><br class=\"\" \/><span class=\"\">Param\u00e9trez les R\u00e8gles de conservation sur : utiliser les param\u00e8tres personnalis\u00e9s pour l\u2019historique. Enfin d\u00e9cochez-la pour d\u00e9sactiver les cookies.<\/span><\/div><div>\u00a0<\/div><div class=\"\"><span class=\"\">Sous Safari : Cliquez en haut \u00e0 droite du navigateur sur le pictogramme de menu (symbolis\u00e9 par un rouage). S\u00e9lectionnez Param\u00e8tres. Cliquez sur Afficher les param\u00e8tres avanc\u00e9s. Dans la section \u00ab\u00a0Confidentialit\u00e9\u00a0\u00bb, cliquez sur Param\u00e8tres de contenu. Dans la section \u00ab\u00a0Cookies\u00a0\u00bb, vous pouvez bloquer les cookies.<\/span><\/div><div>\u00a0<\/div><div class=\"\"><span class=\"\">Sous Chrome : Cliquez en haut \u00e0 droite du navigateur sur le pictogramme de menu (symbolis\u00e9 par trois lignes horizontales). S\u00e9lectionnez Param\u00e8tres. Cliquez sur Afficher les param\u00e8tres avanc\u00e9s. Dans la section \u00ab\u00a0Confidentialit\u00e9\u00a0\u00bb, cliquez sur pr\u00e9f\u00e9rences. Dans l\u2019onglet \u00ab\u00a0Confidentialit\u00e9\u00a0\u00bb, vous pouvez bloquer les cookies.<\/span><\/div><\/div><\/div><\/div>\t\t\t\t\t\t\t\t<\/div>\n\t\t\t\t<\/div>\n\t\t\t\t\t<\/div>\n\t\t<\/div>\n\t\t\t\t<div class=\"elementor-column elementor-col-50 elementor-top-column elementor-element elementor-element-cc9c7b7\" data-id=\"cc9c7b7\" data-element_type=\"column\" data-e-type=\"column\">\n\t\t\t<div class=\"elementor-widget-wrap\">\n\t\t\t\t\t\t\t<\/div>\n\t\t<\/div>\n\t\t\t\t\t<\/div>\n\t\t<\/section>\n\t\t\t\t<\/div>\n\t\t","protected":false},"excerpt":{"rendered":"<p>EDITION DU SITE INTERNET Le site Ahome Export (ci-apre\u0300s &#8220;le Site&#8221;), accessible a\u0300 l\u2019adresse https:\/\/www.ahomexport.com est e\u0301dite\u0301 par la socie\u0301te\u0301 AHOME EXPORT COMPANY (ci-apre\u0300s &#8220;l&#8217;Editeur&#8221;), SAS au capital de 10000 euros, dont le sie\u0300ge social est situe\u0301 185 Rue Simon Vollant, 59130 Lambersart, France (0766536323, info@ahomexport.com). RCS 890304215 RCS LILLE METROPOLE &nbsp; REDACTION DU SITE [&hellip;]<\/p>\n","protected":false},"author":1,"featured_media":0,"parent":0,"menu_order":0,"comment_status":"closed","ping_status":"closed","template":"","meta":{"ocean_post_layout":"","ocean_both_sidebars_style":"","ocean_both_sidebars_content_width":0,"ocean_both_sidebars_sidebars_width":0,"ocean_sidebar":"0","ocean_second_sidebar":"0","ocean_disable_margins":"enable","ocean_add_body_class":"","ocean_shortcode_before_top_bar":"","ocean_shortcode_after_top_bar":"","ocean_shortcode_before_header":"","ocean_shortcode_after_header":"","ocean_has_shortcode":"","ocean_shortcode_after_title":"","ocean_shortcode_before_footer_widgets":"","ocean_shortcode_after_footer_widgets":"","ocean_shortcode_before_footer_bottom":"","ocean_shortcode_after_footer_bottom":"","ocean_display_top_bar":"default","ocean_display_header":"default","ocean_header_style":"","ocean_center_header_left_menu":"0","ocean_custom_header_template":"0","ocean_custom_logo":0,"ocean_custom_retina_logo":0,"ocean_custom_logo_max_width":0,"ocean_custom_logo_tablet_max_width":0,"ocean_custom_logo_mobile_max_width":0,"ocean_custom_logo_max_height":0,"ocean_custom_logo_tablet_max_height":0,"ocean_custom_logo_mobile_max_height":0,"ocean_header_custom_menu":"0","ocean_menu_typo_font_family":"0","ocean_menu_typo_font_subset":"","ocean_menu_typo_font_size":0,"ocean_menu_typo_font_size_tablet":0,"ocean_menu_typo_font_size_mobile":0,"ocean_menu_typo_font_size_unit":"px","ocean_menu_typo_font_weight":"","ocean_menu_typo_font_weight_tablet":"","ocean_menu_typo_font_weight_mobile":"","ocean_menu_typo_transform":"","ocean_menu_typo_transform_tablet":"","ocean_menu_typo_transform_mobile":"","ocean_menu_typo_line_height":0,"ocean_menu_typo_line_height_tablet":0,"ocean_menu_typo_line_height_mobile":0,"ocean_menu_typo_line_height_unit":"","ocean_menu_typo_spacing":0,"ocean_menu_typo_spacing_tablet":0,"ocean_menu_typo_spacing_mobile":0,"ocean_menu_typo_spacing_unit":"","ocean_menu_link_color":"","ocean_menu_link_color_hover":"","ocean_menu_link_color_active":"","ocean_menu_link_background":"","ocean_menu_link_hover_background":"","ocean_menu_link_active_background":"","ocean_menu_social_links_bg":"","ocean_menu_social_hover_links_bg":"","ocean_menu_social_links_color":"","ocean_menu_social_hover_links_color":"","ocean_disable_title":"enable","ocean_disable_heading":"default","ocean_post_title":"","ocean_post_subheading":"","ocean_post_title_style":"","ocean_post_title_background_color":"","ocean_post_title_background":0,"ocean_post_title_bg_image_position":"","ocean_post_title_bg_image_attachment":"","ocean_post_title_bg_image_repeat":"","ocean_post_title_bg_image_size":"","ocean_post_title_height":0,"ocean_post_title_bg_overlay":0.5,"ocean_post_title_bg_overlay_color":"","ocean_disable_breadcrumbs":"default","ocean_breadcrumbs_color":"","ocean_breadcrumbs_separator_color":"","ocean_breadcrumbs_links_color":"","ocean_breadcrumbs_links_hover_color":"","ocean_display_footer_widgets":"default","ocean_display_footer_bottom":"default","ocean_custom_footer_template":"0","footnotes":""},"class_list":["post-4777","page","type-page","status-publish","hentry","entry"],"yoast_head":"<!-- This site is optimized with the Yoast SEO plugin v27.3 - https:\/\/yoast.com\/product\/yoast-seo-wordpress\/ -->\n<title>Mentions l\u00e9gales - Ahome Export<\/title>\n<meta name=\"robots\" content=\"noindex, follow\" \/>\n<meta property=\"og:locale\" content=\"en_US\" \/>\n<meta property=\"og:type\" content=\"article\" \/>\n<meta property=\"og:title\" content=\"Mentions l\u00e9gales - Ahome Export\" \/>\n<meta property=\"og:description\" content=\"EDITION DU SITE INTERNET Le site Ahome Export (ci-apre\u0300s &#8220;le Site&#8221;), accessible a\u0300 l\u2019adresse https:\/\/www.ahomexport.com est e\u0301dite\u0301 par la socie\u0301te\u0301 AHOME EXPORT COMPANY (ci-apre\u0300s &#8220;l&#8217;Editeur&#8221;), SAS au capital de 10000 euros, dont le sie\u0300ge social est situe\u0301 185 Rue Simon Vollant, 59130 Lambersart, France (0766536323, info@ahomexport.com). RCS 890304215 RCS LILLE METROPOLE &nbsp; REDACTION DU SITE [&hellip;]\" \/>\n<meta property=\"og:url\" content=\"https:\/\/ahomexport.com\/en\/mentions-legales\/\" \/>\n<meta property=\"og:site_name\" content=\"Ahome Export\" \/>\n<meta property=\"article:modified_time\" content=\"2022-02-18T20:38:31+00:00\" \/>\n<meta name=\"twitter:card\" content=\"summary_large_image\" \/>\n<meta name=\"twitter:label1\" content=\"Est. reading time\" \/>\n\t<meta name=\"twitter:data1\" content=\"4 minutes\" \/>\n<script type=\"application\/ld+json\" class=\"yoast-schema-graph\">{\"@context\":\"https:\\\/\\\/schema.org\",\"@graph\":[{\"@type\":\"WebPage\",\"@id\":\"https:\\\/\\\/ahomexport.com\\\/en\\\/mentions-legales\\\/\",\"url\":\"https:\\\/\\\/ahomexport.com\\\/en\\\/mentions-legales\\\/\",\"name\":\"Mentions l\u00e9gales - Ahome Export\",\"isPartOf\":{\"@id\":\"https:\\\/\\\/ahomexport.com\\\/en\\\/#website\"},\"datePublished\":\"2022-01-21T10:31:02+00:00\",\"dateModified\":\"2022-02-18T20:38:31+00:00\",\"breadcrumb\":{\"@id\":\"https:\\\/\\\/ahomexport.com\\\/en\\\/mentions-legales\\\/#breadcrumb\"},\"inLanguage\":\"en-US\",\"potentialAction\":[{\"@type\":\"ReadAction\",\"target\":[\"https:\\\/\\\/ahomexport.com\\\/en\\\/mentions-legales\\\/\"]}]},{\"@type\":\"BreadcrumbList\",\"@id\":\"https:\\\/\\\/ahomexport.com\\\/en\\\/mentions-legales\\\/#breadcrumb\",\"itemListElement\":[{\"@type\":\"ListItem\",\"position\":1,\"name\":\"Homepage\",\"item\":\"https:\\\/\\\/ahomexport.com\\\/en\\\/\"},{\"@type\":\"ListItem\",\"position\":2,\"name\":\"Mentions l\u00e9gales\"}]},{\"@type\":\"WebSite\",\"@id\":\"https:\\\/\\\/ahomexport.com\\\/en\\\/#website\",\"url\":\"https:\\\/\\\/ahomexport.com\\\/en\\\/\",\"name\":\"Ahome Export\",\"description\":\"\",\"publisher\":{\"@id\":\"https:\\\/\\\/ahomexport.com\\\/en\\\/#organization\"},\"potentialAction\":[{\"@type\":\"SearchAction\",\"target\":{\"@type\":\"EntryPoint\",\"urlTemplate\":\"https:\\\/\\\/ahomexport.com\\\/en\\\/?s={search_term_string}\"},\"query-input\":{\"@type\":\"PropertyValueSpecification\",\"valueRequired\":true,\"valueName\":\"search_term_string\"}}],\"inLanguage\":\"en-US\"},{\"@type\":\"Organization\",\"@id\":\"https:\\\/\\\/ahomexport.com\\\/en\\\/#organization\",\"name\":\"Ahome Export\",\"url\":\"https:\\\/\\\/ahomexport.com\\\/en\\\/\",\"logo\":{\"@type\":\"ImageObject\",\"inLanguage\":\"en-US\",\"@id\":\"https:\\\/\\\/ahomexport.com\\\/en\\\/#\\\/schema\\\/logo\\\/image\\\/\",\"url\":\"https:\\\/\\\/ahomexport.com\\\/wp-content\\\/uploads\\\/2021\\\/12\\\/cropped-logo-ahome-minuscule-vert-jaune-2.png\",\"contentUrl\":\"https:\\\/\\\/ahomexport.com\\\/wp-content\\\/uploads\\\/2021\\\/12\\\/cropped-logo-ahome-minuscule-vert-jaune-2.png\",\"width\":1212,\"height\":290,\"caption\":\"Ahome Export\"},\"image\":{\"@id\":\"https:\\\/\\\/ahomexport.com\\\/en\\\/#\\\/schema\\\/logo\\\/image\\\/\"}}]}<\/script>\n<!-- \/ Yoast SEO plugin. -->","yoast_head_json":{"title":"Mentions l\u00e9gales - Ahome Export","robots":{"index":"noindex","follow":"follow"},"og_locale":"en_US","og_type":"article","og_title":"Mentions l\u00e9gales - Ahome Export","og_description":"EDITION DU SITE INTERNET Le site Ahome Export (ci-apre\u0300s &#8220;le Site&#8221;), accessible a\u0300 l\u2019adresse https:\/\/www.ahomexport.com est e\u0301dite\u0301 par la socie\u0301te\u0301 AHOME EXPORT COMPANY (ci-apre\u0300s &#8220;l&#8217;Editeur&#8221;), SAS au capital de 10000 euros, dont le sie\u0300ge social est situe\u0301 185 Rue Simon Vollant, 59130 Lambersart, France (0766536323, info@ahomexport.com). RCS 890304215 RCS LILLE METROPOLE &nbsp; REDACTION DU SITE [&hellip;]","og_url":"https:\/\/ahomexport.com\/en\/mentions-legales\/","og_site_name":"Ahome Export","article_modified_time":"2022-02-18T20:38:31+00:00","twitter_card":"summary_large_image","twitter_misc":{"Est. reading time":"4 minutes"},"schema":{"@context":"https:\/\/schema.org","@graph":[{"@type":"WebPage","@id":"https:\/\/ahomexport.com\/en\/mentions-legales\/","url":"https:\/\/ahomexport.com\/en\/mentions-legales\/","name":"Mentions l\u00e9gales - Ahome Export","isPartOf":{"@id":"https:\/\/ahomexport.com\/en\/#website"},"datePublished":"2022-01-21T10:31:02+00:00","dateModified":"2022-02-18T20:38:31+00:00","breadcrumb":{"@id":"https:\/\/ahomexport.com\/en\/mentions-legales\/#breadcrumb"},"inLanguage":"en-US","potentialAction":[{"@type":"ReadAction","target":["https:\/\/ahomexport.com\/en\/mentions-legales\/"]}]},{"@type":"BreadcrumbList","@id":"https:\/\/ahomexport.com\/en\/mentions-legales\/#breadcrumb","itemListElement":[{"@type":"ListItem","position":1,"name":"Homepage","item":"https:\/\/ahomexport.com\/en\/"},{"@type":"ListItem","position":2,"name":"Mentions l\u00e9gales"}]},{"@type":"WebSite","@id":"https:\/\/ahomexport.com\/en\/#website","url":"https:\/\/ahomexport.com\/en\/","name":"Ahome Export","description":"","publisher":{"@id":"https:\/\/ahomexport.com\/en\/#organization"},"potentialAction":[{"@type":"SearchAction","target":{"@type":"EntryPoint","urlTemplate":"https:\/\/ahomexport.com\/en\/?s={search_term_string}"},"query-input":{"@type":"PropertyValueSpecification","valueRequired":true,"valueName":"search_term_string"}}],"inLanguage":"en-US"},{"@type":"Organization","@id":"https:\/\/ahomexport.com\/en\/#organization","name":"Ahome Export","url":"https:\/\/ahomexport.com\/en\/","logo":{"@type":"ImageObject","inLanguage":"en-US","@id":"https:\/\/ahomexport.com\/en\/#\/schema\/logo\/image\/","url":"https:\/\/ahomexport.com\/wp-content\/uploads\/2021\/12\/cropped-logo-ahome-minuscule-vert-jaune-2.png","contentUrl":"https:\/\/ahomexport.com\/wp-content\/uploads\/2021\/12\/cropped-logo-ahome-minuscule-vert-jaune-2.png","width":1212,"height":290,"caption":"Ahome Export"},"image":{"@id":"https:\/\/ahomexport.com\/en\/#\/schema\/logo\/image\/"}}]}},"_links":{"self":[{"href":"https:\/\/ahomexport.com\/en\/wp-json\/wp\/v2\/pages\/4777","targetHints":{"allow":["GET"]}}],"collection":[{"href":"https:\/\/ahomexport.com\/en\/wp-json\/wp\/v2\/pages"}],"about":[{"href":"https:\/\/ahomexport.com\/en\/wp-json\/wp\/v2\/types\/page"}],"author":[{"embeddable":true,"href":"https:\/\/ahomexport.com\/en\/wp-json\/wp\/v2\/users\/1"}],"replies":[{"embeddable":true,"href":"https:\/\/ahomexport.com\/en\/wp-json\/wp\/v2\/comments?post=4777"}],"version-history":[{"count":0,"href":"https:\/\/ahomexport.com\/en\/wp-json\/wp\/v2\/pages\/4777\/revisions"}],"wp:attachment":[{"href":"https:\/\/ahomexport.com\/en\/wp-json\/wp\/v2\/media?parent=4777"}],"curies":[{"name":"wp","href":"https:\/\/api.w.org\/{rel}","templated":true}]}}